{"id":960,"date":"2023-03-30T10:19:18","date_gmt":"2023-03-30T08:19:18","guid":{"rendered":"https:\/\/serwer2225748.home.pl\/ist\/kontakt\/"},"modified":"2024-01-24T12:54:56","modified_gmt":"2024-01-24T11:54:56","slug":"contact","status":"publish","type":"page","link":"https:\/\/ist-polska.pl\/en\/contact\/","title":{"rendered":"Contact"},"content":{"rendered":"<p>[et_pb_section fb_built=&#8221;1&#8243; _builder_version=&#8221;4.21.0&#8243; _module_preset=&#8221;default&#8221; global_colors_info=&#8221;{}&#8221;][et_pb_row _builder_version=&#8221;4.21.0&#8243; _module_preset=&#8221;default&#8221; global_colors_info=&#8221;{}&#8221;][et_pb_column type=&#8221;4_4&#8243; _builder_version=&#8221;4.21.0&#8243; _module_preset=&#8221;default&#8221; global_colors_info=&#8221;{}&#8221;][et_pb_text admin_label=&#8221;Zapraszamy do kontaktu&#8221; _builder_version=&#8221;4.22.2&#8243; _module_preset=&#8221;default&#8221; global_colors_info=&#8221;{}&#8221;]<\/p>\n<h1 style=\"text-align: center;\">Please contact us<\/h1>\n<p>[\/et_pb_text][\/et_pb_column][\/et_pb_row][et_pb_row column_structure=&#8221;1_4,1_4,1_4,1_4&#8243; _builder_version=&#8221;4.21.0&#8243; _module_preset=&#8221;default&#8221; global_colors_info=&#8221;{}&#8221;][et_pb_column type=&#8221;1_4&#8243; _builder_version=&#8221;4.21.0&#8243; _module_preset=&#8221;default&#8221; global_colors_info=&#8221;{}&#8221;][et_pb_blurb title=&#8221;International Sporting Travel Polska Sp. z o.o.&#8221; use_icon=&#8221;on&#8221; font_icon=&#8221;&#xe0ef;||divi||400&#8243; admin_label=&#8221;International Sporting Travel Polska Sp. z o.o.&#8221; module_class=&#8221;notka-kontakt&#8221; _builder_version=&#8221;4.24.0&#8243; _module_preset=&#8221;default&#8221; hover_enabled=&#8221;0&#8243; global_colors_info=&#8221;{}&#8221; sticky_enabled=&#8221;0&#8243;]TAX ID: 1130101875[\/et_pb_blurb][\/et_pb_column][et_pb_column type=&#8221;1_4&#8243; _builder_version=&#8221;4.21.0&#8243; _module_preset=&#8221;default&#8221; global_colors_info=&#8221;{}&#8221;][et_pb_blurb title=&#8221;We are available&#8221; use_icon=&#8221;on&#8221; font_icon=&#8221;&#x7d;||divi||400&#8243; module_class=&#8221;notka-kontakt&#8221; _builder_version=&#8221;4.22.2&#8243; _module_preset=&#8221;default&#8221; global_colors_info=&#8221;{}&#8221;]<\/p>\n<p>mon &#8211; fri: 09:00 a.m. &#8211; 05:00 p.m. UTC\/GMT +2 hours<\/p>\n<p>[\/et_pb_blurb][\/et_pb_column][et_pb_column type=&#8221;1_4&#8243; _builder_version=&#8221;4.21.0&#8243; _module_preset=&#8221;default&#8221; global_colors_info=&#8221;{}&#8221;][et_pb_blurb title=&#8221;contact@ist-polska.pl&#8221; use_icon=&#8221;on&#8221; font_icon=&#8221;&#xe010;||divi||400&#8243; module_class=&#8221;notka-kontakt&#8221; _builder_version=&#8221;4.22.2&#8243; _module_preset=&#8221;default&#8221; global_colors_info=&#8221;{}&#8221;][\/et_pb_blurb][\/et_pb_column][et_pb_column type=&#8221;1_4&#8243; _builder_version=&#8221;4.21.0&#8243; _module_preset=&#8221;default&#8221; global_colors_info=&#8221;{}&#8221;][et_pb_blurb title=&#8221;+ 48 502 205 703&#8243; use_icon=&#8221;on&#8221; font_icon=&#8221;&#x77;||divi||400&#8243; module_class=&#8221;notka-kontakt&#8221; _builder_version=&#8221;4.22.2&#8243; _module_preset=&#8221;default&#8221; global_colors_info=&#8221;{}&#8221;][\/et_pb_blurb][\/et_pb_column][\/et_pb_row][\/et_pb_section]<\/p>\n","protected":false},"excerpt":{"rendered":"<p>Please contact usTAX ID: 1130101875mon &#8211; fri: 09:00 a.m. &#8211; 05:00 p.m. UTC\/GMT +2 hours<\/p>\n","protected":false},"author":1,"featured_media":0,"parent":0,"menu_order":0,"comment_status":"closed","ping_status":"closed","template":"","meta":{"_et_pb_use_builder":"on","_et_pb_old_content":"","_et_gb_content_width":"","footnotes":""},"yoast_head":"<!-- This site is optimized with the Yoast SEO plugin v21.9 - https:\/\/yoast.com\/wordpress\/plugins\/seo\/ -->\n<title>Contact - IST Polska<\/title>\n<meta name=\"robots\" content=\"index, follow, max-snippet:-1, max-image-preview:large, max-video-preview:-1\" \/>\n<link rel=\"canonical\" href=\"https:\/\/ist-polska.pl\/en\/contact\/\" \/>\n<meta property=\"og:locale\" content=\"en_US\" \/>\n<meta property=\"og:type\" content=\"article\" \/>\n<meta property=\"og:title\" content=\"Contact - IST Polska\" \/>\n<meta property=\"og:description\" content=\"Please contact usTAX ID: 1130101875mon - fri: 09:00 a.m. - 05:00 p.m. UTC\/GMT +2 hours\" \/>\n<meta property=\"og:url\" content=\"https:\/\/ist-polska.pl\/en\/contact\/\" \/>\n<meta property=\"og:site_name\" content=\"IST Polska\" \/>\n<meta property=\"article:modified_time\" content=\"2024-01-24T11:54:56+00:00\" \/>\n<meta name=\"twitter:card\" content=\"summary_large_image\" \/>\n<meta name=\"twitter:label1\" content=\"Est. reading time\" \/>\n\t<meta name=\"twitter:data1\" content=\"1 minute\" \/>\n<script type=\"application\/ld+json\" class=\"yoast-schema-graph\">{\"@context\":\"https:\/\/schema.org\",\"@graph\":[{\"@type\":\"WebPage\",\"@id\":\"https:\/\/ist-polska.pl\/en\/contact\/\",\"url\":\"https:\/\/ist-polska.pl\/en\/contact\/\",\"name\":\"Contact - IST Polska\",\"isPartOf\":{\"@id\":\"https:\/\/ist-polska.pl\/#website\"},\"datePublished\":\"2023-03-30T08:19:18+00:00\",\"dateModified\":\"2024-01-24T11:54:56+00:00\",\"breadcrumb\":{\"@id\":\"https:\/\/ist-polska.pl\/en\/contact\/#breadcrumb\"},\"inLanguage\":\"en-US\",\"potentialAction\":[{\"@type\":\"ReadAction\",\"target\":[\"https:\/\/ist-polska.pl\/en\/contact\/\"]}]},{\"@type\":\"BreadcrumbList\",\"@id\":\"https:\/\/ist-polska.pl\/en\/contact\/#breadcrumb\",\"itemListElement\":[{\"@type\":\"ListItem\",\"position\":1,\"name\":\"Strona g\u0142\u00f3wna\",\"item\":\"https:\/\/ist-polska.pl\/en\/\"},{\"@type\":\"ListItem\",\"position\":2,\"name\":\"Contact\"}]},{\"@type\":\"WebSite\",\"@id\":\"https:\/\/ist-polska.pl\/#website\",\"url\":\"https:\/\/ist-polska.pl\/\",\"name\":\"IST Polska\",\"description\":\"Wyj\u0105tkowe biuro podr\u00f3\u017cy\",\"potentialAction\":[{\"@type\":\"SearchAction\",\"target\":{\"@type\":\"EntryPoint\",\"urlTemplate\":\"https:\/\/ist-polska.pl\/?s={search_term_string}\"},\"query-input\":\"required name=search_term_string\"}],\"inLanguage\":\"en-US\"}]}<\/script>\n<!-- \/ Yoast SEO plugin. -->","yoast_head_json":{"title":"Contact - IST Polska","robots":{"index":"index","follow":"follow","max-snippet":"max-snippet:-1","max-image-preview":"max-image-preview:large","max-video-preview":"max-video-preview:-1"},"canonical":"https:\/\/ist-polska.pl\/en\/contact\/","og_locale":"en_US","og_type":"article","og_title":"Contact - IST Polska","og_description":"Please contact usTAX ID: 1130101875mon - fri: 09:00 a.m. - 05:00 p.m. UTC\/GMT +2 hours","og_url":"https:\/\/ist-polska.pl\/en\/contact\/","og_site_name":"IST Polska","article_modified_time":"2024-01-24T11:54:56+00:00","twitter_card":"summary_large_image","twitter_misc":{"Est. reading time":"1 minute"},"schema":{"@context":"https:\/\/schema.org","@graph":[{"@type":"WebPage","@id":"https:\/\/ist-polska.pl\/en\/contact\/","url":"https:\/\/ist-polska.pl\/en\/contact\/","name":"Contact - IST Polska","isPartOf":{"@id":"https:\/\/ist-polska.pl\/#website"},"datePublished":"2023-03-30T08:19:18+00:00","dateModified":"2024-01-24T11:54:56+00:00","breadcrumb":{"@id":"https:\/\/ist-polska.pl\/en\/contact\/#breadcrumb"},"inLanguage":"en-US","potentialAction":[{"@type":"ReadAction","target":["https:\/\/ist-polska.pl\/en\/contact\/"]}]},{"@type":"BreadcrumbList","@id":"https:\/\/ist-polska.pl\/en\/contact\/#breadcrumb","itemListElement":[{"@type":"ListItem","position":1,"name":"Strona g\u0142\u00f3wna","item":"https:\/\/ist-polska.pl\/en\/"},{"@type":"ListItem","position":2,"name":"Contact"}]},{"@type":"WebSite","@id":"https:\/\/ist-polska.pl\/#website","url":"https:\/\/ist-polska.pl\/","name":"IST Polska","description":"Wyj\u0105tkowe biuro podr\u00f3\u017cy","potentialAction":[{"@type":"SearchAction","target":{"@type":"EntryPoint","urlTemplate":"https:\/\/ist-polska.pl\/?s={search_term_string}"},"query-input":"required name=search_term_string"}],"inLanguage":"en-US"}]}},"_links":{"self":[{"href":"https:\/\/ist-polska.pl\/en\/wp-json\/wp\/v2\/pages\/960"}],"collection":[{"href":"https:\/\/ist-polska.pl\/en\/wp-json\/wp\/v2\/pages"}],"about":[{"href":"https:\/\/ist-polska.pl\/en\/wp-json\/wp\/v2\/types\/page"}],"author":[{"embeddable":true,"href":"https:\/\/ist-polska.pl\/en\/wp-json\/wp\/v2\/users\/1"}],"replies":[{"embeddable":true,"href":"https:\/\/ist-polska.pl\/en\/wp-json\/wp\/v2\/comments?post=960"}],"version-history":[{"count":8,"href":"https:\/\/ist-polska.pl\/en\/wp-json\/wp\/v2\/pages\/960\/revisions"}],"predecessor-version":[{"id":3484,"href":"https:\/\/ist-polska.pl\/en\/wp-json\/wp\/v2\/pages\/960\/revisions\/3484"}],"wp:attachment":[{"href":"https:\/\/ist-polska.pl\/en\/wp-json\/wp\/v2\/media?parent=960"}],"curies":[{"name":"wp","href":"https:\/\/api.w.org\/{rel}","templated":true}]}}