{"id":962,"date":"2023-03-30T10:19:07","date_gmt":"2023-03-30T08:19:07","guid":{"rendered":"https:\/\/serwer2225748.home.pl\/ist\/o-nas\/"},"modified":"2023-11-24T11:25:16","modified_gmt":"2023-11-24T10:25:16","slug":"about-us","status":"publish","type":"page","link":"https:\/\/ist-polska.pl\/en\/about-us\/","title":{"rendered":"About us"},"content":{"rendered":"<p>[et_pb_section fb_built=&#8221;1&#8243; _builder_version=&#8221;4.22.2&#8243; _module_preset=&#8221;default&#8221; global_colors_info=&#8221;{}&#8221;][et_pb_row column_structure=&#8221;2_5,3_5&#8243; use_custom_gutter=&#8221;on&#8221; gutter_width=&#8221;2&#8243; _builder_version=&#8221;4.22.2&#8243; _module_preset=&#8221;default&#8221; global_colors_info=&#8221;{}&#8221;][et_pb_column type=&#8221;2_5&#8243; _builder_version=&#8221;4.22.2&#8243; _module_preset=&#8221;default&#8221; global_colors_info=&#8221;{}&#8221;][et_pb_text _builder_version=&#8221;4.23.1&#8243; _module_preset=&#8221;default&#8221; custom_margin=&#8221;||||false|false&#8221; custom_margin_tablet=&#8221;||||false|false&#8221; custom_margin_phone=&#8221;||||false|false&#8221; custom_margin_last_edited=&#8221;off|desktop&#8221; custom_padding=&#8221;100px||||false|false&#8221; hover_enabled=&#8221;0&#8243; global_colors_info=&#8221;{}&#8221; sticky_enabled=&#8221;0&#8243;]<\/p>\n<h1>\u201cIt&#8217;s better to see something once than to hear about it a thousand times,\u201d says a Chinese proverb.<\/h1>\n<p>&nbsp;<\/p>\n<h3>Welcome on our site.<\/h3>\n<p>We organize tailor-made trips. We mainly offer boutique and intimate hotels where quality and style come first and the customer does not feel impersonal. Most of the hotels we cooperate with can boast of cuisine at the highest level. The main destination we propose is beautiful Corsica.<\/p>\n<p>[\/et_pb_text][\/et_pb_column][et_pb_column type=&#8221;3_5&#8243; _builder_version=&#8221;4.22.2&#8243; _module_preset=&#8221;default&#8221; global_colors_info=&#8221;{}&#8221;][et_pb_image src=&#8221;https:\/\/ist-polska.pl\/wp-content\/uploads\/onas.jpg&#8221; alt=&#8221;o nas&#8221; title_text=&#8221;Wakacje na Korsyce \u2013 co warto zobaczy\u0107 i gdzie si\u0119 zatrzyma\u0107&#8221; _builder_version=&#8221;4.22.2&#8243; _module_preset=&#8221;default&#8221; global_colors_info=&#8221;{}&#8221;][\/et_pb_image][\/et_pb_column][\/et_pb_row][\/et_pb_section]<\/p>\n","protected":false},"excerpt":{"rendered":"<p>\u201cIt&#8217;s better to see something once than to hear about it a thousand times,\u201d says a Chinese proverb. &nbsp; Welcome on our site. We organize tailor-made trips. We mainly offer boutique and intimate hotels where quality and style come first and the customer does not feel impersonal. Most of the hotels we cooperate with can [&hellip;]<\/p>\n","protected":false},"author":1,"featured_media":0,"parent":0,"menu_order":0,"comment_status":"closed","ping_status":"closed","template":"","meta":{"_et_pb_use_builder":"on","_et_pb_old_content":"","_et_gb_content_width":"","footnotes":""},"yoast_head":"<!-- This site is optimized with the Yoast SEO plugin v21.9 - https:\/\/yoast.com\/wordpress\/plugins\/seo\/ -->\n<title>About us - IST Polska<\/title>\n<meta name=\"robots\" content=\"index, follow, max-snippet:-1, max-image-preview:large, max-video-preview:-1\" \/>\n<link rel=\"canonical\" href=\"https:\/\/ist-polska.pl\/o-nas\/\" \/>\n<meta property=\"og:locale\" content=\"en_US\" \/>\n<meta property=\"og:type\" content=\"article\" \/>\n<meta property=\"og:title\" content=\"About us - IST Polska\" \/>\n<meta property=\"og:description\" content=\"\u201cIt&#039;s better to see something once than to hear about it a thousand times,\u201d says a Chinese proverb. &nbsp; Welcome on our site. We organize tailor-made trips. We mainly offer boutique and intimate hotels where quality and style come first and the customer does not feel impersonal. Most of the hotels we cooperate with can [&hellip;]\" \/>\n<meta property=\"og:url\" content=\"https:\/\/ist-polska.pl\/o-nas\/\" \/>\n<meta property=\"og:site_name\" content=\"IST Polska\" \/>\n<meta property=\"article:modified_time\" content=\"2023-11-24T10:25:16+00:00\" \/>\n<meta name=\"twitter:card\" content=\"summary_large_image\" \/>\n<meta name=\"twitter:label1\" content=\"Est. reading time\" \/>\n\t<meta name=\"twitter:data1\" content=\"1 minute\" \/>\n<script type=\"application\/ld+json\" class=\"yoast-schema-graph\">{\"@context\":\"https:\/\/schema.org\",\"@graph\":[{\"@type\":\"WebPage\",\"@id\":\"https:\/\/ist-polska.pl\/o-nas\/\",\"url\":\"https:\/\/ist-polska.pl\/o-nas\/\",\"name\":\"About us - IST Polska\",\"isPartOf\":{\"@id\":\"https:\/\/ist-polska.pl\/#website\"},\"datePublished\":\"2023-03-30T08:19:07+00:00\",\"dateModified\":\"2023-11-24T10:25:16+00:00\",\"breadcrumb\":{\"@id\":\"https:\/\/ist-polska.pl\/o-nas\/#breadcrumb\"},\"inLanguage\":\"en-US\",\"potentialAction\":[{\"@type\":\"ReadAction\",\"target\":[\"https:\/\/ist-polska.pl\/o-nas\/\"]}]},{\"@type\":\"BreadcrumbList\",\"@id\":\"https:\/\/ist-polska.pl\/o-nas\/#breadcrumb\",\"itemListElement\":[{\"@type\":\"ListItem\",\"position\":1,\"name\":\"Strona g\u0142\u00f3wna\",\"item\":\"https:\/\/ist-polska.pl\/en\/\"},{\"@type\":\"ListItem\",\"position\":2,\"name\":\"About us\"}]},{\"@type\":\"WebSite\",\"@id\":\"https:\/\/ist-polska.pl\/#website\",\"url\":\"https:\/\/ist-polska.pl\/\",\"name\":\"IST Polska\",\"description\":\"Wyj\u0105tkowe biuro podr\u00f3\u017cy\",\"potentialAction\":[{\"@type\":\"SearchAction\",\"target\":{\"@type\":\"EntryPoint\",\"urlTemplate\":\"https:\/\/ist-polska.pl\/?s={search_term_string}\"},\"query-input\":\"required name=search_term_string\"}],\"inLanguage\":\"en-US\"}]}<\/script>\n<!-- \/ Yoast SEO plugin. -->","yoast_head_json":{"title":"About us - IST Polska","robots":{"index":"index","follow":"follow","max-snippet":"max-snippet:-1","max-image-preview":"max-image-preview:large","max-video-preview":"max-video-preview:-1"},"canonical":"https:\/\/ist-polska.pl\/o-nas\/","og_locale":"en_US","og_type":"article","og_title":"About us - IST Polska","og_description":"\u201cIt's better to see something once than to hear about it a thousand times,\u201d says a Chinese proverb. &nbsp; Welcome on our site. We organize tailor-made trips. We mainly offer boutique and intimate hotels where quality and style come first and the customer does not feel impersonal. Most of the hotels we cooperate with can [&hellip;]","og_url":"https:\/\/ist-polska.pl\/o-nas\/","og_site_name":"IST Polska","article_modified_time":"2023-11-24T10:25:16+00:00","twitter_card":"summary_large_image","twitter_misc":{"Est. reading time":"1 minute"},"schema":{"@context":"https:\/\/schema.org","@graph":[{"@type":"WebPage","@id":"https:\/\/ist-polska.pl\/o-nas\/","url":"https:\/\/ist-polska.pl\/o-nas\/","name":"About us - IST Polska","isPartOf":{"@id":"https:\/\/ist-polska.pl\/#website"},"datePublished":"2023-03-30T08:19:07+00:00","dateModified":"2023-11-24T10:25:16+00:00","breadcrumb":{"@id":"https:\/\/ist-polska.pl\/o-nas\/#breadcrumb"},"inLanguage":"en-US","potentialAction":[{"@type":"ReadAction","target":["https:\/\/ist-polska.pl\/o-nas\/"]}]},{"@type":"BreadcrumbList","@id":"https:\/\/ist-polska.pl\/o-nas\/#breadcrumb","itemListElement":[{"@type":"ListItem","position":1,"name":"Strona g\u0142\u00f3wna","item":"https:\/\/ist-polska.pl\/en\/"},{"@type":"ListItem","position":2,"name":"About us"}]},{"@type":"WebSite","@id":"https:\/\/ist-polska.pl\/#website","url":"https:\/\/ist-polska.pl\/","name":"IST Polska","description":"Wyj\u0105tkowe biuro podr\u00f3\u017cy","potentialAction":[{"@type":"SearchAction","target":{"@type":"EntryPoint","urlTemplate":"https:\/\/ist-polska.pl\/?s={search_term_string}"},"query-input":"required name=search_term_string"}],"inLanguage":"en-US"}]}},"_links":{"self":[{"href":"https:\/\/ist-polska.pl\/en\/wp-json\/wp\/v2\/pages\/962"}],"collection":[{"href":"https:\/\/ist-polska.pl\/en\/wp-json\/wp\/v2\/pages"}],"about":[{"href":"https:\/\/ist-polska.pl\/en\/wp-json\/wp\/v2\/types\/page"}],"author":[{"embeddable":true,"href":"https:\/\/ist-polska.pl\/en\/wp-json\/wp\/v2\/users\/1"}],"replies":[{"embeddable":true,"href":"https:\/\/ist-polska.pl\/en\/wp-json\/wp\/v2\/comments?post=962"}],"version-history":[{"count":4,"href":"https:\/\/ist-polska.pl\/en\/wp-json\/wp\/v2\/pages\/962\/revisions"}],"predecessor-version":[{"id":3162,"href":"https:\/\/ist-polska.pl\/en\/wp-json\/wp\/v2\/pages\/962\/revisions\/3162"}],"wp:attachment":[{"href":"https:\/\/ist-polska.pl\/en\/wp-json\/wp\/v2\/media?parent=962"}],"curies":[{"name":"wp","href":"https:\/\/api.w.org\/{rel}","templated":true}]}}