{"id":1265,"date":"2023-03-30T09:58:29","date_gmt":"2023-03-30T07:58:29","guid":{"rendered":"https:\/\/serwer2225748.home.pl\/ist\/polityka-prywatnosci\/"},"modified":"2023-06-19T20:32:51","modified_gmt":"2023-06-19T18:32:51","slug":"politique-de-confidentialite","status":"publish","type":"page","link":"https:\/\/ist-polska.pl\/fr\/politique-de-confidentialite\/","title":{"rendered":"Politique de confidentialit\u00e9"},"content":{"rendered":"<p>[et_pb_section fb_built=\u00a0\u00bb1&Prime; admin_label=\u00a0\u00bbsection\u00a0\u00bb _builder_version=\u00a0\u00bb4.16&Prime; global_colors_info=\u00a0\u00bb{}\u00a0\u00bb][et_pb_row admin_label=\u00a0\u00bbrow\u00a0\u00bb _builder_version=\u00a0\u00bb4.16&Prime; background_size=\u00a0\u00bbinitial\u00a0\u00bb background_position=\u00a0\u00bbtop_left\u00a0\u00bb background_repeat=\u00a0\u00bbrepeat\u00a0\u00bb global_colors_info=\u00a0\u00bb{}\u00a0\u00bb][et_pb_column type=\u00a0\u00bb4_4&Prime; _builder_version=\u00a0\u00bb4.16&Prime; custom_padding=\u00a0\u00bb|||\u00a0\u00bb global_colors_info=\u00a0\u00bb{}\u00a0\u00bb custom_padding__hover=\u00a0\u00bb|||\u00a0\u00bb][et_pb_text admin_label=\u00a0\u00bbText\u00a0\u00bb _builder_version=\u00a0\u00bb4.21.0&Prime; background_size=\u00a0\u00bbinitial\u00a0\u00bb background_position=\u00a0\u00bbtop_left\u00a0\u00bb background_repeat=\u00a0\u00bbrepeat\u00a0\u00bb hover_enabled=\u00a0\u00bb0&Prime; global_colors_info=\u00a0\u00bb{}\u00a0\u00bb sticky_enabled=\u00a0\u00bb0&Prime;]<\/p>\n<h1>Politique de confidentialit\u00e9<\/h1>\n<p>&nbsp;<\/p>\n<p>L&rsquo;administrateur du site ist-polska.pl est International Sporting Travel Polska Sp. zoo. Trzebiech\u00f3w 8 66-614 Maszewo. Vous pouvez nous contacter par e-mail \u00e0 contact@ist-polska.pl ou par t\u00e9l\u00e9phone au + 48 502 205 703.<\/p>\n<p>&nbsp;<\/p>\n<p><strong>I. Dans quel but recueillons-nous des donn\u00e9es aupr\u00e8s de vous et comment nous les traitons.<\/strong><\/p>\n<p><strong>1. Formulaire de contact<\/strong>. Vous pouvez nous contacter en envoyant une demande via le formulaire de contact sur notre site Web. Dans ce cas, vous nous fournissez votre nom, votre adresse e-mail et d&rsquo;autres informations dans le corps du message, qui peuvent contenir des donn\u00e9es personnelles. La fourniture de ces donn\u00e9es est volontaire, mais n\u00e9cessaire pour nous contacter via le formulaire. Nous traitons les donn\u00e9es que vous fournissez aux fins de:<\/p>\n<ul>\n<li>r\u00e9pondre \u00e0 la question que vous avez pos\u00e9e, c&rsquo;est-\u00e0-dire agir \u00e0 la demande de la personne concern\u00e9e (article 6, paragraphe 1, point b) du RGPD).<\/li>\n<li>l&rsquo;archivage, qui est notre int\u00e9r\u00eat l\u00e9gitime de l&rsquo;administrateur (article 6(1)(f) du RGPD)<\/li>\n<li>la poursuite \u00e9ventuelle des r\u00e9clamations ou la d\u00e9fense contre celles-ci, qui est notre int\u00e9r\u00eat l\u00e9gitime de l&rsquo;Administrateur (article 6(1)(f) du RGPD), consistant en la protection de nos droits\u00a0;<\/li>\n<\/ul>\n<p>Vous avez le droit d&rsquo;acc\u00e9der \u00e0 l&rsquo;historique de la correspondance (s&rsquo;il a \u00e9t\u00e9 archiv\u00e9) et vous avez le droit de demander la suppression de la correspondance, sauf si son archivage est justifi\u00e9 en raison des int\u00e9r\u00eats sup\u00e9rieurs de l&rsquo;administrateur, par exemple la d\u00e9fense contre d&rsquo;\u00e9ventuelles r\u00e9clamations sur votre partie.<\/p>\n<p>&nbsp;<\/p>\n<p><strong>II. Vos droits en tant que personne concern\u00e9e<\/strong><\/p>\n<p>Dans le cadre du traitement de vos donn\u00e9es personnelles par nos soins, vous disposez des droits suivants:<\/p>\n<ol>\n<li>Le droit de demander l&rsquo;acc\u00e8s \u00e0 vos donn\u00e9es personnelles, la rectification, la suppression ou la limitation du traitement,<\/li>\n<li>Le droit de s&rsquo;opposer au traitement,<\/li>\n<li>Le droit de transf\u00e9rer des donn\u00e9es,<\/li>\n<li>Le droit de retirer son consentement au traitement des donn\u00e9es personnelles dans un but pr\u00e9cis, si vous avez d\u00e9j\u00e0 donn\u00e9 un tel consentement,<\/li>\n<li>Le droit de d\u00e9poser une plainte aupr\u00e8s de l&rsquo;autorit\u00e9 de contr\u00f4le en relation avec le traitement des donn\u00e9es personnelles par nous.<\/li>\n<\/ol>\n<p>&nbsp;<\/p>\n<p><strong>III. Destinataires de vos donn\u00e9es personnelles<\/strong><\/p>\n<p>Dans des situations particuli\u00e8res o\u00f9 la loi applicable nous oblige \u00e0 divulguer les donn\u00e9es collect\u00e9es aux autorit\u00e9s de l&rsquo;\u00c9tat, nous serons oblig\u00e9s de fournir ces donn\u00e9es. En outre, l&rsquo;administrateur transf\u00e9rera vos donn\u00e9es personnelles \u00e0 des prestataires de services comptables, des prestataires de services postaux, des prestataires de services de messagerie, des prestataires de services juridiques, des prestataires de services informatiques et des logiciels prenant en charge la gestion de sites Web, des fournisseurs de services d&rsquo;h\u00e9bergement de courrier \u00e9lectronique et de sites Web, des banques et d&rsquo;autres institutions financi\u00e8res. en termes d&rsquo;ex\u00e9cution des paiements, les propri\u00e9taires d&rsquo;un site de r\u00e9seautage social (par exemple, Facebook). Si vous souhaitez conna\u00eetre la liste des entit\u00e9s \u00e0 qui nous partageons ou confions vos donn\u00e9es personnelles, veuillez nous contacter.<\/p>\n<p>&nbsp;<\/p>\n<p><strong>IV. Transf\u00e9rons-nous vos donn\u00e9es vers des pays hors de l&rsquo;Espace \u00e9conomique europ\u00e9en?<\/strong><\/p>\n<p>Les donn\u00e9es personnelles peuvent \u00eatre transf\u00e9r\u00e9es en dehors de l&rsquo;Espace \u00e9conomique europ\u00e9en, notamment si les prestataires de services utilis\u00e9s sur le site ont leur si\u00e8ge social ou leurs serveurs en dehors de l&rsquo;EEE. Si un tel transfert a lieu, il sera toujours bas\u00e9 sur des garanties juridiques appropri\u00e9es, qui comprennent, entre autres : clauses contractuelles types concernant le transfert de donn\u00e9es personnelles \u00e0 des sous-traitants bas\u00e9s dans des pays tiers, approuv\u00e9es par la Commission europ\u00e9enne.<\/p>\n<p>&nbsp;<\/p>\n<p><strong>V. Dispositions finales<\/strong><\/p>\n<p>L&rsquo;administrateur se r\u00e9serve le droit de modifier la politique de confidentialit\u00e9, si cela est requis par la loi applicable, si les conditions technologiques de fonctionnement du site Web changent ou si le changement introduit une norme sup\u00e9rieure au minimum requis par la loi.<\/p>\n<p>[\/et_pb_text][\/et_pb_column][\/et_pb_row][\/et_pb_section]<\/p>\n","protected":false},"excerpt":{"rendered":"<p>Politique de confidentialit\u00e9 &nbsp; L&rsquo;administrateur du site ist-polska.pl est International Sporting Travel Polska Sp. zoo. Trzebiech\u00f3w 8 66-614 Maszewo. Vous pouvez nous contacter par e-mail \u00e0 contact@ist-polska.pl ou par t\u00e9l\u00e9phone au + 48 502 205 703. &nbsp; I. Dans quel but recueillons-nous des donn\u00e9es aupr\u00e8s de vous et comment nous les traitons. 1. Formulaire de [&hellip;]<\/p>\n","protected":false},"author":1,"featured_media":0,"parent":0,"menu_order":0,"comment_status":"closed","ping_status":"open","template":"","meta":{"_et_pb_use_builder":"on","_et_pb_old_content":"","_et_gb_content_width":"","footnotes":""},"yoast_head":"<!-- This site is optimized with the Yoast SEO plugin v21.9 - https:\/\/yoast.com\/wordpress\/plugins\/seo\/ -->\n<title>Politique de confidentialit\u00e9 - IST Polska<\/title>\n<meta name=\"robots\" content=\"index, follow, max-snippet:-1, max-image-preview:large, max-video-preview:-1\" \/>\n<link rel=\"canonical\" href=\"https:\/\/ist-polska.pl\/polityka-prywatnosci\/\" \/>\n<meta property=\"og:locale\" content=\"fr_FR\" \/>\n<meta property=\"og:type\" content=\"article\" \/>\n<meta property=\"og:title\" content=\"Politique de confidentialit\u00e9 - IST Polska\" \/>\n<meta property=\"og:description\" content=\"Politique de confidentialit\u00e9 &nbsp; L&#039;administrateur du site ist-polska.pl est International Sporting Travel Polska Sp. zoo. Trzebiech\u00f3w 8 66-614 Maszewo. Vous pouvez nous contacter par e-mail \u00e0 contact@ist-polska.pl ou par t\u00e9l\u00e9phone au + 48 502 205 703. &nbsp; I. Dans quel but recueillons-nous des donn\u00e9es aupr\u00e8s de vous et comment nous les traitons. 1. Formulaire de [&hellip;]\" \/>\n<meta property=\"og:url\" content=\"https:\/\/ist-polska.pl\/polityka-prywatnosci\/\" \/>\n<meta property=\"og:site_name\" content=\"IST Polska\" \/>\n<meta property=\"article:modified_time\" content=\"2023-06-19T18:32:51+00:00\" \/>\n<meta name=\"twitter:card\" content=\"summary_large_image\" \/>\n<meta name=\"twitter:label1\" content=\"Dur\u00e9e de lecture estim\u00e9e\" \/>\n\t<meta name=\"twitter:data1\" content=\"4 minutes\" \/>\n<script type=\"application\/ld+json\" class=\"yoast-schema-graph\">{\"@context\":\"https:\/\/schema.org\",\"@graph\":[{\"@type\":\"WebPage\",\"@id\":\"https:\/\/ist-polska.pl\/polityka-prywatnosci\/\",\"url\":\"https:\/\/ist-polska.pl\/polityka-prywatnosci\/\",\"name\":\"Politique de confidentialit\u00e9 - IST Polska\",\"isPartOf\":{\"@id\":\"https:\/\/ist-polska.pl\/#website\"},\"datePublished\":\"2023-03-30T07:58:29+00:00\",\"dateModified\":\"2023-06-19T18:32:51+00:00\",\"breadcrumb\":{\"@id\":\"https:\/\/ist-polska.pl\/polityka-prywatnosci\/#breadcrumb\"},\"inLanguage\":\"fr-FR\",\"potentialAction\":[{\"@type\":\"ReadAction\",\"target\":[\"https:\/\/ist-polska.pl\/polityka-prywatnosci\/\"]}]},{\"@type\":\"BreadcrumbList\",\"@id\":\"https:\/\/ist-polska.pl\/polityka-prywatnosci\/#breadcrumb\",\"itemListElement\":[{\"@type\":\"ListItem\",\"position\":1,\"name\":\"Strona g\u0142\u00f3wna\",\"item\":\"https:\/\/ist-polska.pl\/fr\/\"},{\"@type\":\"ListItem\",\"position\":2,\"name\":\"Politique de confidentialit\u00e9\"}]},{\"@type\":\"WebSite\",\"@id\":\"https:\/\/ist-polska.pl\/#website\",\"url\":\"https:\/\/ist-polska.pl\/\",\"name\":\"IST Polska\",\"description\":\"Wyj\u0105tkowe biuro podr\u00f3\u017cy\",\"potentialAction\":[{\"@type\":\"SearchAction\",\"target\":{\"@type\":\"EntryPoint\",\"urlTemplate\":\"https:\/\/ist-polska.pl\/?s={search_term_string}\"},\"query-input\":\"required name=search_term_string\"}],\"inLanguage\":\"fr-FR\"}]}<\/script>\n<!-- \/ Yoast SEO plugin. -->","yoast_head_json":{"title":"Politique de confidentialit\u00e9 - IST Polska","robots":{"index":"index","follow":"follow","max-snippet":"max-snippet:-1","max-image-preview":"max-image-preview:large","max-video-preview":"max-video-preview:-1"},"canonical":"https:\/\/ist-polska.pl\/polityka-prywatnosci\/","og_locale":"fr_FR","og_type":"article","og_title":"Politique de confidentialit\u00e9 - IST Polska","og_description":"Politique de confidentialit\u00e9 &nbsp; L'administrateur du site ist-polska.pl est International Sporting Travel Polska Sp. zoo. Trzebiech\u00f3w 8 66-614 Maszewo. Vous pouvez nous contacter par e-mail \u00e0 contact@ist-polska.pl ou par t\u00e9l\u00e9phone au + 48 502 205 703. &nbsp; I. Dans quel but recueillons-nous des donn\u00e9es aupr\u00e8s de vous et comment nous les traitons. 1. Formulaire de [&hellip;]","og_url":"https:\/\/ist-polska.pl\/polityka-prywatnosci\/","og_site_name":"IST Polska","article_modified_time":"2023-06-19T18:32:51+00:00","twitter_card":"summary_large_image","twitter_misc":{"Dur\u00e9e de lecture estim\u00e9e":"4 minutes"},"schema":{"@context":"https:\/\/schema.org","@graph":[{"@type":"WebPage","@id":"https:\/\/ist-polska.pl\/polityka-prywatnosci\/","url":"https:\/\/ist-polska.pl\/polityka-prywatnosci\/","name":"Politique de confidentialit\u00e9 - IST Polska","isPartOf":{"@id":"https:\/\/ist-polska.pl\/#website"},"datePublished":"2023-03-30T07:58:29+00:00","dateModified":"2023-06-19T18:32:51+00:00","breadcrumb":{"@id":"https:\/\/ist-polska.pl\/polityka-prywatnosci\/#breadcrumb"},"inLanguage":"fr-FR","potentialAction":[{"@type":"ReadAction","target":["https:\/\/ist-polska.pl\/polityka-prywatnosci\/"]}]},{"@type":"BreadcrumbList","@id":"https:\/\/ist-polska.pl\/polityka-prywatnosci\/#breadcrumb","itemListElement":[{"@type":"ListItem","position":1,"name":"Strona g\u0142\u00f3wna","item":"https:\/\/ist-polska.pl\/fr\/"},{"@type":"ListItem","position":2,"name":"Politique de confidentialit\u00e9"}]},{"@type":"WebSite","@id":"https:\/\/ist-polska.pl\/#website","url":"https:\/\/ist-polska.pl\/","name":"IST Polska","description":"Wyj\u0105tkowe biuro podr\u00f3\u017cy","potentialAction":[{"@type":"SearchAction","target":{"@type":"EntryPoint","urlTemplate":"https:\/\/ist-polska.pl\/?s={search_term_string}"},"query-input":"required name=search_term_string"}],"inLanguage":"fr-FR"}]}},"_links":{"self":[{"href":"https:\/\/ist-polska.pl\/fr\/wp-json\/wp\/v2\/pages\/1265"}],"collection":[{"href":"https:\/\/ist-polska.pl\/fr\/wp-json\/wp\/v2\/pages"}],"about":[{"href":"https:\/\/ist-polska.pl\/fr\/wp-json\/wp\/v2\/types\/page"}],"author":[{"embeddable":true,"href":"https:\/\/ist-polska.pl\/fr\/wp-json\/wp\/v2\/users\/1"}],"replies":[{"embeddable":true,"href":"https:\/\/ist-polska.pl\/fr\/wp-json\/wp\/v2\/comments?post=1265"}],"version-history":[{"count":3,"href":"https:\/\/ist-polska.pl\/fr\/wp-json\/wp\/v2\/pages\/1265\/revisions"}],"predecessor-version":[{"id":1339,"href":"https:\/\/ist-polska.pl\/fr\/wp-json\/wp\/v2\/pages\/1265\/revisions\/1339"}],"wp:attachment":[{"href":"https:\/\/ist-polska.pl\/fr\/wp-json\/wp\/v2\/media?parent=1265"}],"curies":[{"name":"wp","href":"https:\/\/api.w.org\/{rel}","templated":true}]}}