{"id":1271,"date":"2023-06-09T14:59:18","date_gmt":"2023-06-09T12:59:18","guid":{"rendered":"https:\/\/serwer2225748.home.pl\/ist\/polityka-cookies\/"},"modified":"2023-06-19T20:36:30","modified_gmt":"2023-06-19T18:36:30","slug":"politique-relative-aux-cookies","status":"publish","type":"page","link":"https:\/\/ist-polska.pl\/fr\/politique-relative-aux-cookies\/","title":{"rendered":"Politique relative aux cookies"},"content":{"rendered":"<p>[et_pb_section fb_built=\u00a0\u00bb1&Prime; admin_label=\u00a0\u00bbsection\u00a0\u00bb _builder_version=\u00a0\u00bb4.16&Prime; global_colors_info=\u00a0\u00bb{}\u00a0\u00bb][et_pb_row admin_label=\u00a0\u00bbrow\u00a0\u00bb _builder_version=\u00a0\u00bb4.16&Prime; background_size=\u00a0\u00bbinitial\u00a0\u00bb background_position=\u00a0\u00bbtop_left\u00a0\u00bb background_repeat=\u00a0\u00bbrepeat\u00a0\u00bb global_colors_info=\u00a0\u00bb{}\u00a0\u00bb][et_pb_column type=\u00a0\u00bb4_4&Prime; _builder_version=\u00a0\u00bb4.16&Prime; custom_padding=\u00a0\u00bb|||\u00a0\u00bb global_colors_info=\u00a0\u00bb{}\u00a0\u00bb custom_padding__hover=\u00a0\u00bb|||\u00a0\u00bb][et_pb_text _builder_version=\u00a0\u00bb4.21.0&Prime; _module_preset=\u00a0\u00bbdefault\u00a0\u00bb hover_enabled=\u00a0\u00bb0&Prime; sticky_enabled=\u00a0\u00bb0&Prime;]<\/p>\n<h1>Politique relative aux cookies<\/h1>\n<p>&nbsp;<\/p>\n<p>Notre site Web utilise des cookies pour vous offrir la meilleure exp\u00e9rience li\u00e9e \u00e0 son utilisation. Les cookies sont de petites informations textuelles stock\u00e9es sur votre appareil final (par exemple ordinateur, tablette, smartphone) qui peuvent \u00eatre lues par notre syst\u00e8me TIC. Les cookies nous permettent de :<\/p>\n<ul>\n<li>assurer le bon fonctionnement du site que vous attendez,<\/li>\n<li>am\u00e9liorer la rapidit\u00e9 et la s\u00e9curit\u00e9 d&rsquo;utilisation du site,<\/li>\n<li>am\u00e9liorer les fonctionnalit\u00e9s mises \u00e0 votre disposition sur le site,<\/li>\n<li>utiliser des outils d&rsquo;analyse,<\/li>\n<li>utiliser des outils marketing,<\/li>\n<li>afficher des vid\u00e9os de YouTube et Vimeo sur les sites Internet,<\/li>\n<li>fournir des fonctionnalit\u00e9s sociales.<\/li>\n<\/ul>\n<p>Lors de la premi\u00e8re visite sur notre site Web, des informations sur l&rsquo;utilisation des cookies sont affich\u00e9es. Accepter et fermer ces informations signifie que vous acceptez l&rsquo;utilisation de cookies conform\u00e9ment aux dispositions de cette politique de confidentialit\u00e9. Vous pouvez toujours retirer votre consentement en cliquant sur \u00ab\u00a0Param\u00e8tres des cookies\u00a0\u00bb dans le pied de page, en supprimant les cookies de votre ordinateur ou en modifiant les param\u00e8tres des cookies dans votre navigateur. N&rsquo;oubliez pas, cependant, que la d\u00e9sactivation des cookies peut entra\u00eener des difficult\u00e9s d&rsquo;utilisation du site Web, ainsi que de nombreux autres sites Web qui utilisent des cookies.<\/p>\n<p>Sur notre site Web, les cookies sont divis\u00e9s en cat\u00e9gories :<\/p>\n<ul>\n<li>fonctionnel &#8211; n\u00e9cessaire au bon fonctionnement du site Web<\/li>\n<li>statistique &#8211; responsable de l&rsquo;analyse du trafic du site Web<\/li>\n<li>marketing &#8211; utilis\u00e9 pour suivre le comportement des utilisateurs<\/li>\n<\/ul>\n<p>&nbsp;<\/p>\n<p><strong>Types de cookies et technologies de suivi sur notre site<\/strong><\/p>\n<ol>\n<li><strong>Fichiers journaux.<\/strong> Chaque fois que vous visitez notre site Web, le syst\u00e8me collecte automatiquement des informations et des donn\u00e9es \u00e0 partir de votre ordinateur. Vos donn\u00e9es dans des fichiers journaux sont stock\u00e9es afin d&rsquo;assurer la fonctionnalit\u00e9 des services, d&rsquo;optimiser le site Web et d&rsquo;assurer la s\u00e9curit\u00e9 des syst\u00e8mes informatiques. Il s&rsquo;agit des donn\u00e9es suivantes : protocole Internet ; Adresse IP; URL du site \u00e0 partir duquel la redirection a \u00e9t\u00e9 effectu\u00e9e et \u00e0 partir duquel le fichier a \u00e9t\u00e9 demand\u00e9\u00a0; date et heure d&rsquo;acc\u00e8s\u00a0; type de navigateur et syst\u00e8me d&rsquo;exploitation\u00a0; la page visit\u00e9e par l&rsquo;utilisateur ; la quantit\u00e9 de donn\u00e9es transf\u00e9r\u00e9es\u00a0; statut d&rsquo;acc\u00e8s (fichier t\u00e9l\u00e9charg\u00e9, fichier introuvable, etc.), dur\u00e9e et fr\u00e9quence d&rsquo;utilisation. Lors de l&rsquo;acc\u00e8s aux applications mobiles, les donn\u00e9es et informations suivantes sont collect\u00e9es : protocole Internet ; Adresse IP; date et heure d&rsquo;acc\u00e8s\u00a0; type d&rsquo;appareil et syst\u00e8me d&rsquo;exploitation\u00a0; la quantit\u00e9 de donn\u00e9es transf\u00e9r\u00e9es\u00a0; statut d&rsquo;acc\u00e8s (tel que fichier t\u00e9l\u00e9charg\u00e9, fichier introuvable, etc.) ; dur\u00e9e et fr\u00e9quence d&rsquo;utilisation. Le stockage temporaire de l&rsquo;adresse IP par le syst\u00e8me est n\u00e9cessaire pour permettre la fourniture de services sur l&rsquo;ordinateur de l&rsquo;utilisateur. A cet effet, l&rsquo;adresse IP de l&rsquo;utilisateur doit \u00eatre stock\u00e9e pendant toute la dur\u00e9e de la session.<\/li>\n<\/ol>\n<p>La base juridique du traitement de ces donn\u00e9es est l&rsquo;int\u00e9r\u00eat l\u00e9gitime de l&rsquo;administrateur (article 6, paragraphe 1, point f) du RGPD). Vos donn\u00e9es sont stock\u00e9es sur le serveur jusqu&rsquo;\u00e0 ce qu&rsquo;elles ne soient plus n\u00e9cessaires pour atteindre l&rsquo;objectif pour lequel elles ont \u00e9t\u00e9 collect\u00e9es. Si les donn\u00e9es sont collect\u00e9es afin de fournir le site Web, cela a lieu \u00e0 la fin d&rsquo;une session donn\u00e9e. Les donn\u00e9es collect\u00e9es dans les logs sont n\u00e9cessaires au fonctionnement du site, l&rsquo;utilisateur n&rsquo;a donc pas la possibilit\u00e9 de s&rsquo;opposer \u00e0 leur traitement.<\/p>\n<p>&nbsp;<\/p>\n<ol start=\"2\">\n<li><strong>Google Analytics (statistiques).<\/strong> Afin d&rsquo;analyser l&rsquo;utilisation de notre site Web par les utilisateurs, nous y avons install\u00e9 un outil qui nous permet de cr\u00e9er des rapports sur l&rsquo;activit\u00e9 du site Web, de mesurer l&rsquo;efficacit\u00e9 du contenu et de fournir d&rsquo;autres services concernant l&rsquo;utilisation du site Web et d&rsquo;Internet. Notre site Web utilise le service \u00ab\u00a0Google Analytics\u00a0\u00bb fourni par Google Ireland Ltd. (Gordon House, 4 Barrow Street, Dublin, Irlande). Le service utilise des cookies : des fichiers texte stock\u00e9s sur l&rsquo;appareil de l&rsquo;utilisateur. Les informations collect\u00e9es par les cookies sont g\u00e9n\u00e9ralement envoy\u00e9es \u00e0 un serveur de Google et y sont stock\u00e9es. Nous utilisons l&rsquo;anonymisation consistant \u00e0 raccourcir les adresses IP, ce qui rend impossible le lien entre l&rsquo;adresse IP et l&rsquo;utilisateur.<\/li>\n<\/ol>\n<p>La base juridique du traitement de ces donn\u00e9es est l&rsquo;int\u00e9r\u00eat l\u00e9gitime de l&rsquo;administrateur (article 6, paragraphe 1, point f) du RGPD).<\/p>\n<p>Ces donn\u00e9es seront conserv\u00e9es par Google pendant une dur\u00e9e de 26 mois ; aucune donn\u00e9e personnelle ne sera stock\u00e9e en raison du raccourcissement de l&rsquo;adresse IP. Vous avez la possibilit\u00e9 de bloquer le stockage de cookies sur votre appareil via la configuration appropri\u00e9e de votre navigateur. Vous pouvez \u00e9galement utiliser un plug-in de navigateur pour bloquer la transmission d&rsquo;informations \u00e0 Google. Lien du plug-in\u00a0: https:\/\/tools.google.com\/dlpage\/gaoptout.<\/p>\n<p>&nbsp;<\/p>\n<ol start=\"3\">\n<li><strong>Pixel Facebook (commercialisation).<\/strong> Afin d&rsquo;analyser, d&rsquo;optimiser et d&rsquo;am\u00e9liorer le fonctionnement de nos services, nous utilisons l&rsquo;option de suivi appel\u00e9e \u00ab\u00a0Facebook Pixel\u00a0\u00bb, qui est fournie par le r\u00e9seau social Facebook exploit\u00e9 par Facebook Ireland Ltd., 4 Grand Canal Square, Grand Canal Harbour, Dublin 2, Irlande. Facebook Pixel est un morceau de code plac\u00e9 sur notre site Web. Gr\u00e2ce \u00e0 cette fonctionnalit\u00e9, nous sommes en mesure de comprendre l&rsquo;efficacit\u00e9 de la publicit\u00e9 sur Facebook gr\u00e2ce \u00e0 des informations sur les utilisateurs qui ont \u00e9t\u00e9 redirig\u00e9s vers nos services apr\u00e8s avoir cliqu\u00e9 sur une publicit\u00e9 sur Facebook. Lorsque vous visitez notre site Web, la fonction Facebook Pixel \u00e9tablit une connexion directe avec les serveurs de Facebook.<\/li>\n<\/ol>\n<p>Vous trouverez de plus amples informations sur la collecte et l&rsquo;utilisation des donn\u00e9es par Facebook ainsi que sur vos droits et options concernant la protection de votre vie priv\u00e9e dans la politique de protection des donn\u00e9es de Facebook \u00e0 l&rsquo;adresse https:\/\/www.facebook.com\/about\/privacy\/update. Des informations et des d\u00e9tails sp\u00e9cifiques sur la fonctionnalit\u00e9 Facebook Pixel et son fonctionnement sont disponibles dans la section Aide de Facebook \u00e0 l&rsquo;adresse https:\/\/www.facebook.com\/business\/help\/651294705016616. Cette fonction peut \u00eatre d\u00e9sactiv\u00e9e comme indiqu\u00e9 sur https:\/\/www.facebook.com\/settings?tab=ads. Pour ce faire, connectez-vous \u00e0 Facebook.<\/p>\n<p>La base juridique du traitement de ces donn\u00e9es est l&rsquo;int\u00e9r\u00eat l\u00e9gitime de l&rsquo;administrateur (article 6, paragraphe 1, point f) du RGPD).<\/p>\n<p>&nbsp;<\/p>\n<ol start=\"4\">\n<li><strong>Google DoubleClick (marketing).<\/strong> Afin d&rsquo;afficher des publicit\u00e9s adapt\u00e9es et pertinentes pour vous, nous avons install\u00e9 le service de cookies DoubleClick sur le site Web, qui est fourni par Google Ireland Ltd. (Gordon House, 4 Barrow Street, Dublin, Irlande (\u00ab\u00a0Google\u00a0\u00bb). Les donn\u00e9es sont collect\u00e9es sur la base d&rsquo;un num\u00e9ro d&rsquo;identification (ID) attribu\u00e9 \u00e0 votre navigateur, qui vous permet de v\u00e9rifier quelles publicit\u00e9s ont \u00e9t\u00e9 affich\u00e9es dans votre navigateur et avec quelles publicit\u00e9s vous avez interagi.Vous pouvez bloquer les cookies en s\u00e9lectionnant les param\u00e8tres appropri\u00e9s de votre navigateur. Cependant, vous devez garder \u00e0 l&rsquo;esprit que cela peut limiter toutes les fonctionnalit\u00e9s du site Web. Vous pouvez \u00e9galement d\u00e9sactiver la collecte et la classification des informations bas\u00e9es sur les centres d&rsquo;int\u00e9r\u00eat en les d\u00e9sactivant sur la page des param\u00e8tres des cookies DoubleClick https:\/\/support.google.com\/ annonces\/r\u00e9ponse\/7395996<\/li>\n<\/ol>\n<p>La base juridique du traitement de ces donn\u00e9es est l&rsquo;int\u00e9r\u00eat l\u00e9gitime de l&rsquo;administrateur (article 6, paragraphe 1, point f) du RGPD).<\/p>\n<p>&nbsp;<\/p>\n<ol start=\"5\">\n<li><strong>Google Maps (commercialisation).<\/strong> Notre site Web utilise des cartes fournies par Google Ireland Ltd. (Gordon House, 4 Barrow Street, Dublin, Irlande). Lorsque vous visitez notre site qui comprend une carte alors que vous \u00eates connect\u00e9 avec votre compte Google, Google peut associer votre comportement de navigation \u00e0 d&rsquo;autres informations. Dans ce cas, la politique de protection des donn\u00e9es de Google s&rsquo;applique\u00a0: https:\/\/policies.google.com\/privacy?hl=pl&amp;gl=pl.<\/li>\n<\/ol>\n<p>La base juridique du traitement de ces donn\u00e9es est l&rsquo;int\u00e9r\u00eat l\u00e9gitime de l&rsquo;administrateur (article 6, paragraphe 1, point f) du RGPD).<\/p>\n<p>&nbsp;<\/p>\n<ol start=\"6\">\n<li><strong>YouTube (commercialisation).<\/strong> Notre site Web utilise des vid\u00e9os fournies par YouTube, LLC 901 Cherry Ave., 94066 San Bruno, CA, USA, une soci\u00e9t\u00e9 de Google Ireland Ltd. (Gordon House, 4 Barrow Street, Dublin, Irlande). Lors de l&rsquo;utilisation de cette fonctionnalit\u00e9, nous utilisons le \u00ab\u00a0mode avanc\u00e9 de protection des donn\u00e9es\u00a0\u00bb fourni par Youtube. Lorsque vous lisez une vid\u00e9o sur notre site Web t\u00e9l\u00e9charg\u00e9e via la cha\u00eene YouTube, le contenu de YouTube sera charg\u00e9. Si vous \u00eates actuellement connect\u00e9 \u00e0 votre compte YouTube, YouTube peut associer votre comportement de navigation \u00e0 d&rsquo;autres informations. Dans ce cas, la politique de protection des donn\u00e9es de YouTube s&rsquo;applique\u00a0: https:\/\/policies.google.com\/privacy?hl=pl&amp;gl=pl. La base juridique du traitement de ces donn\u00e9es est l&rsquo;int\u00e9r\u00eat l\u00e9gitime de l&rsquo;administrateur (article 6, paragraphe 1, point f) du RGPD).<\/li>\n<\/ol>\n<p>&nbsp;<\/p>\n<p>[\/et_pb_text][\/et_pb_column][\/et_pb_row][\/et_pb_section]<\/p>\n","protected":false},"excerpt":{"rendered":"<p>Politique relative aux cookies &nbsp; Notre site Web utilise des cookies pour vous offrir la meilleure exp\u00e9rience li\u00e9e \u00e0 son utilisation. Les cookies sont de petites informations textuelles stock\u00e9es sur votre appareil final (par exemple ordinateur, tablette, smartphone) qui peuvent \u00eatre lues par notre syst\u00e8me TIC. Les cookies nous permettent de : assurer le bon [&hellip;]<\/p>\n","protected":false},"author":1,"featured_media":0,"parent":0,"menu_order":0,"comment_status":"closed","ping_status":"closed","template":"","meta":{"_et_pb_use_builder":"on","_et_pb_old_content":"","_et_gb_content_width":"","footnotes":""},"yoast_head":"<!-- This site is optimized with the Yoast SEO plugin v21.9 - https:\/\/yoast.com\/wordpress\/plugins\/seo\/ -->\n<title>Politique relative aux cookies - IST Polska<\/title>\n<meta name=\"robots\" content=\"index, follow, max-snippet:-1, max-image-preview:large, max-video-preview:-1\" \/>\n<link rel=\"canonical\" href=\"https:\/\/ist-polska.pl\/polityka-cookies\/\" \/>\n<meta property=\"og:locale\" content=\"fr_FR\" \/>\n<meta property=\"og:type\" content=\"article\" \/>\n<meta property=\"og:title\" content=\"Politique relative aux cookies - IST Polska\" \/>\n<meta property=\"og:description\" content=\"Politique relative aux cookies &nbsp; Notre site Web utilise des cookies pour vous offrir la meilleure exp\u00e9rience li\u00e9e \u00e0 son utilisation. Les cookies sont de petites informations textuelles stock\u00e9es sur votre appareil final (par exemple ordinateur, tablette, smartphone) qui peuvent \u00eatre lues par notre syst\u00e8me TIC. Les cookies nous permettent de : assurer le bon [&hellip;]\" \/>\n<meta property=\"og:url\" content=\"https:\/\/ist-polska.pl\/polityka-cookies\/\" \/>\n<meta property=\"og:site_name\" content=\"IST Polska\" \/>\n<meta property=\"article:modified_time\" content=\"2023-06-19T18:36:30+00:00\" \/>\n<meta name=\"twitter:card\" content=\"summary_large_image\" \/>\n<script type=\"application\/ld+json\" class=\"yoast-schema-graph\">{\"@context\":\"https:\/\/schema.org\",\"@graph\":[{\"@type\":\"WebPage\",\"@id\":\"https:\/\/ist-polska.pl\/polityka-cookies\/\",\"url\":\"https:\/\/ist-polska.pl\/polityka-cookies\/\",\"name\":\"Politique relative aux cookies - IST Polska\",\"isPartOf\":{\"@id\":\"https:\/\/ist-polska.pl\/#website\"},\"datePublished\":\"2023-06-09T12:59:18+00:00\",\"dateModified\":\"2023-06-19T18:36:30+00:00\",\"breadcrumb\":{\"@id\":\"https:\/\/ist-polska.pl\/polityka-cookies\/#breadcrumb\"},\"inLanguage\":\"fr-FR\",\"potentialAction\":[{\"@type\":\"ReadAction\",\"target\":[\"https:\/\/ist-polska.pl\/polityka-cookies\/\"]}]},{\"@type\":\"BreadcrumbList\",\"@id\":\"https:\/\/ist-polska.pl\/polityka-cookies\/#breadcrumb\",\"itemListElement\":[{\"@type\":\"ListItem\",\"position\":1,\"name\":\"Strona g\u0142\u00f3wna\",\"item\":\"https:\/\/ist-polska.pl\/fr\/\"},{\"@type\":\"ListItem\",\"position\":2,\"name\":\"Politique relative aux cookies\"}]},{\"@type\":\"WebSite\",\"@id\":\"https:\/\/ist-polska.pl\/#website\",\"url\":\"https:\/\/ist-polska.pl\/\",\"name\":\"IST Polska\",\"description\":\"Wyj\u0105tkowe biuro podr\u00f3\u017cy\",\"potentialAction\":[{\"@type\":\"SearchAction\",\"target\":{\"@type\":\"EntryPoint\",\"urlTemplate\":\"https:\/\/ist-polska.pl\/?s={search_term_string}\"},\"query-input\":\"required name=search_term_string\"}],\"inLanguage\":\"fr-FR\"}]}<\/script>\n<!-- \/ Yoast SEO plugin. -->","yoast_head_json":{"title":"Politique relative aux cookies - IST Polska","robots":{"index":"index","follow":"follow","max-snippet":"max-snippet:-1","max-image-preview":"max-image-preview:large","max-video-preview":"max-video-preview:-1"},"canonical":"https:\/\/ist-polska.pl\/polityka-cookies\/","og_locale":"fr_FR","og_type":"article","og_title":"Politique relative aux cookies - IST Polska","og_description":"Politique relative aux cookies &nbsp; Notre site Web utilise des cookies pour vous offrir la meilleure exp\u00e9rience li\u00e9e \u00e0 son utilisation. Les cookies sont de petites informations textuelles stock\u00e9es sur votre appareil final (par exemple ordinateur, tablette, smartphone) qui peuvent \u00eatre lues par notre syst\u00e8me TIC. Les cookies nous permettent de : assurer le bon [&hellip;]","og_url":"https:\/\/ist-polska.pl\/polityka-cookies\/","og_site_name":"IST Polska","article_modified_time":"2023-06-19T18:36:30+00:00","twitter_card":"summary_large_image","schema":{"@context":"https:\/\/schema.org","@graph":[{"@type":"WebPage","@id":"https:\/\/ist-polska.pl\/polityka-cookies\/","url":"https:\/\/ist-polska.pl\/polityka-cookies\/","name":"Politique relative aux cookies - IST Polska","isPartOf":{"@id":"https:\/\/ist-polska.pl\/#website"},"datePublished":"2023-06-09T12:59:18+00:00","dateModified":"2023-06-19T18:36:30+00:00","breadcrumb":{"@id":"https:\/\/ist-polska.pl\/polityka-cookies\/#breadcrumb"},"inLanguage":"fr-FR","potentialAction":[{"@type":"ReadAction","target":["https:\/\/ist-polska.pl\/polityka-cookies\/"]}]},{"@type":"BreadcrumbList","@id":"https:\/\/ist-polska.pl\/polityka-cookies\/#breadcrumb","itemListElement":[{"@type":"ListItem","position":1,"name":"Strona g\u0142\u00f3wna","item":"https:\/\/ist-polska.pl\/fr\/"},{"@type":"ListItem","position":2,"name":"Politique relative aux cookies"}]},{"@type":"WebSite","@id":"https:\/\/ist-polska.pl\/#website","url":"https:\/\/ist-polska.pl\/","name":"IST Polska","description":"Wyj\u0105tkowe biuro podr\u00f3\u017cy","potentialAction":[{"@type":"SearchAction","target":{"@type":"EntryPoint","urlTemplate":"https:\/\/ist-polska.pl\/?s={search_term_string}"},"query-input":"required name=search_term_string"}],"inLanguage":"fr-FR"}]}},"_links":{"self":[{"href":"https:\/\/ist-polska.pl\/fr\/wp-json\/wp\/v2\/pages\/1271"}],"collection":[{"href":"https:\/\/ist-polska.pl\/fr\/wp-json\/wp\/v2\/pages"}],"about":[{"href":"https:\/\/ist-polska.pl\/fr\/wp-json\/wp\/v2\/types\/page"}],"author":[{"embeddable":true,"href":"https:\/\/ist-polska.pl\/fr\/wp-json\/wp\/v2\/users\/1"}],"replies":[{"embeddable":true,"href":"https:\/\/ist-polska.pl\/fr\/wp-json\/wp\/v2\/comments?post=1271"}],"version-history":[{"count":2,"href":"https:\/\/ist-polska.pl\/fr\/wp-json\/wp\/v2\/pages\/1271\/revisions"}],"predecessor-version":[{"id":1341,"href":"https:\/\/ist-polska.pl\/fr\/wp-json\/wp\/v2\/pages\/1271\/revisions\/1341"}],"wp:attachment":[{"href":"https:\/\/ist-polska.pl\/fr\/wp-json\/wp\/v2\/media?parent=1271"}],"curies":[{"name":"wp","href":"https:\/\/api.w.org\/{rel}","templated":true}]}}