{"id":961,"date":"2023-03-30T10:19:18","date_gmt":"2023-03-30T08:19:18","guid":{"rendered":"https:\/\/serwer2225748.home.pl\/ist\/kontakt\/"},"modified":"2024-01-24T12:55:43","modified_gmt":"2024-01-24T11:55:43","slug":"contact","status":"publish","type":"page","link":"https:\/\/ist-polska.pl\/fr\/contact\/","title":{"rendered":"Contact"},"content":{"rendered":"<p>[et_pb_section fb_built=\u00a0\u00bb1&Prime; _builder_version=\u00a0\u00bb4.21.0&Prime; _module_preset=\u00a0\u00bbdefault\u00a0\u00bb global_colors_info=\u00a0\u00bb{}\u00a0\u00bb][et_pb_row _builder_version=\u00a0\u00bb4.21.0&Prime; _module_preset=\u00a0\u00bbdefault\u00a0\u00bb global_colors_info=\u00a0\u00bb{}\u00a0\u00bb][et_pb_column type=\u00a0\u00bb4_4&Prime; _builder_version=\u00a0\u00bb4.21.0&Prime; _module_preset=\u00a0\u00bbdefault\u00a0\u00bb global_colors_info=\u00a0\u00bb{}\u00a0\u00bb][et_pb_text admin_label=\u00a0\u00bbZapraszamy do kontaktu\u00a0\u00bb _builder_version=\u00a0\u00bb4.22.2&Prime; _module_preset=\u00a0\u00bbdefault\u00a0\u00bb global_colors_info=\u00a0\u00bb{}\u00a0\u00bb]<\/p>\n<h1 style=\"text-align: center;\">Contactez-nous s&rsquo;il vous plai<\/h1>\n<p>[\/et_pb_text][\/et_pb_column][\/et_pb_row][et_pb_row column_structure=\u00a0\u00bb1_4,1_4,1_4,1_4&Prime; _builder_version=\u00a0\u00bb4.21.0&Prime; _module_preset=\u00a0\u00bbdefault\u00a0\u00bb global_colors_info=\u00a0\u00bb{}\u00a0\u00bb][et_pb_column type=\u00a0\u00bb1_4&Prime; _builder_version=\u00a0\u00bb4.21.0&Prime; _module_preset=\u00a0\u00bbdefault\u00a0\u00bb global_colors_info=\u00a0\u00bb{}\u00a0\u00bb][et_pb_blurb title=\u00a0\u00bbInternational Sporting Travel Polska Sp. z o.o.\u00a0\u00bb use_icon=\u00a0\u00bbon\u00a0\u00bb font_icon=\u00a0\u00bb&#xe0ef;||divi||400&Prime; admin_label=\u00a0\u00bbInternational Sporting Travel Polska Sp. z o.o.\u00a0\u00bb module_class=\u00a0\u00bbnotka-kontakt\u00a0\u00bb _builder_version=\u00a0\u00bb4.24.0&Prime; _module_preset=\u00a0\u00bbdefault\u00a0\u00bb hover_enabled=\u00a0\u00bb0&Prime; global_colors_info=\u00a0\u00bb{}\u00a0\u00bb sticky_enabled=\u00a0\u00bb0&Prime;]<\/p>\n<p>TAX ID: 1130101875 <\/p>\n<p>[\/et_pb_blurb][\/et_pb_column][et_pb_column type=\u00a0\u00bb1_4&Prime; _builder_version=\u00a0\u00bb4.21.0&Prime; _module_preset=\u00a0\u00bbdefault\u00a0\u00bb global_colors_info=\u00a0\u00bb{}\u00a0\u00bb][et_pb_blurb title=\u00a0\u00bbNous sommes disponibles\u00a0\u00bb use_icon=\u00a0\u00bbon\u00a0\u00bb font_icon=\u00a0\u00bb&#x7d;||divi||400&Prime; module_class=\u00a0\u00bbnotka-kontakt\u00a0\u00bb _builder_version=\u00a0\u00bb4.22.2&Prime; _module_preset=\u00a0\u00bbdefault\u00a0\u00bb global_colors_info=\u00a0\u00bb{}\u00a0\u00bb]<\/p>\n<p>lundi &#8211;  vendredi:: 09:00 &#8211; 17:00<\/p>\n<p>[\/et_pb_blurb][\/et_pb_column][et_pb_column type=\u00a0\u00bb1_4&Prime; _builder_version=\u00a0\u00bb4.21.0&Prime; _module_preset=\u00a0\u00bbdefault\u00a0\u00bb global_colors_info=\u00a0\u00bb{}\u00a0\u00bb][et_pb_blurb title=\u00a0\u00bbcontact@ist-polska.pl\u00a0\u00bb use_icon=\u00a0\u00bbon\u00a0\u00bb font_icon=\u00a0\u00bb&#xe010;||divi||400&Prime; module_class=\u00a0\u00bbnotka-kontakt\u00a0\u00bb _builder_version=\u00a0\u00bb4.21.0&Prime; _module_preset=\u00a0\u00bbdefault\u00a0\u00bb global_colors_info=\u00a0\u00bb{}\u00a0\u00bb][\/et_pb_blurb][\/et_pb_column][et_pb_column type=\u00a0\u00bb1_4&Prime; _builder_version=\u00a0\u00bb4.21.0&Prime; _module_preset=\u00a0\u00bbdefault\u00a0\u00bb global_colors_info=\u00a0\u00bb{}\u00a0\u00bb][et_pb_blurb title=\u00a0\u00bb+ 48 502 205 703&Prime; use_icon=\u00a0\u00bbon\u00a0\u00bb font_icon=\u00a0\u00bb&#x77;||divi||400&Prime; module_class=\u00a0\u00bbnotka-kontakt\u00a0\u00bb _builder_version=\u00a0\u00bb4.21.0&Prime; _module_preset=\u00a0\u00bbdefault\u00a0\u00bb global_colors_info=\u00a0\u00bb{}\u00a0\u00bb][\/et_pb_blurb][\/et_pb_column][\/et_pb_row][\/et_pb_section]<\/p>\n","protected":false},"excerpt":{"rendered":"<p>Contactez-nous s&rsquo;il vous plaiTAX ID: 1130101875 lundi &#8211; vendredi:: 09:00 &#8211; 17:00<\/p>\n","protected":false},"author":1,"featured_media":0,"parent":0,"menu_order":0,"comment_status":"closed","ping_status":"closed","template":"","meta":{"_et_pb_use_builder":"on","_et_pb_old_content":"","_et_gb_content_width":"","footnotes":""},"yoast_head":"<!-- This site is optimized with the Yoast SEO plugin v21.9 - https:\/\/yoast.com\/wordpress\/plugins\/seo\/ -->\n<title>Contact - IST Polska<\/title>\n<meta name=\"robots\" content=\"index, follow, max-snippet:-1, max-image-preview:large, max-video-preview:-1\" \/>\n<link rel=\"canonical\" href=\"https:\/\/ist-polska.pl\/fr\/contact\/\" \/>\n<meta property=\"og:locale\" content=\"fr_FR\" \/>\n<meta property=\"og:type\" content=\"article\" \/>\n<meta property=\"og:title\" content=\"Contact - IST Polska\" \/>\n<meta property=\"og:description\" content=\"Contactez-nous s&#039;il vous plaiTAX ID: 1130101875 lundi - vendredi:: 09:00 - 17:00\" \/>\n<meta property=\"og:url\" content=\"https:\/\/ist-polska.pl\/fr\/contact\/\" \/>\n<meta property=\"og:site_name\" content=\"IST Polska\" \/>\n<meta property=\"article:modified_time\" content=\"2024-01-24T11:55:43+00:00\" \/>\n<meta name=\"twitter:card\" content=\"summary_large_image\" \/>\n<meta name=\"twitter:label1\" content=\"Dur\u00e9e de lecture estim\u00e9e\" \/>\n\t<meta name=\"twitter:data1\" content=\"1 minute\" \/>\n<script type=\"application\/ld+json\" class=\"yoast-schema-graph\">{\"@context\":\"https:\/\/schema.org\",\"@graph\":[{\"@type\":\"WebPage\",\"@id\":\"https:\/\/ist-polska.pl\/fr\/contact\/\",\"url\":\"https:\/\/ist-polska.pl\/fr\/contact\/\",\"name\":\"Contact - IST Polska\",\"isPartOf\":{\"@id\":\"https:\/\/ist-polska.pl\/#website\"},\"datePublished\":\"2023-03-30T08:19:18+00:00\",\"dateModified\":\"2024-01-24T11:55:43+00:00\",\"breadcrumb\":{\"@id\":\"https:\/\/ist-polska.pl\/fr\/contact\/#breadcrumb\"},\"inLanguage\":\"fr-FR\",\"potentialAction\":[{\"@type\":\"ReadAction\",\"target\":[\"https:\/\/ist-polska.pl\/fr\/contact\/\"]}]},{\"@type\":\"BreadcrumbList\",\"@id\":\"https:\/\/ist-polska.pl\/fr\/contact\/#breadcrumb\",\"itemListElement\":[{\"@type\":\"ListItem\",\"position\":1,\"name\":\"Strona g\u0142\u00f3wna\",\"item\":\"https:\/\/ist-polska.pl\/fr\/\"},{\"@type\":\"ListItem\",\"position\":2,\"name\":\"Contact\"}]},{\"@type\":\"WebSite\",\"@id\":\"https:\/\/ist-polska.pl\/#website\",\"url\":\"https:\/\/ist-polska.pl\/\",\"name\":\"IST Polska\",\"description\":\"Wyj\u0105tkowe biuro podr\u00f3\u017cy\",\"potentialAction\":[{\"@type\":\"SearchAction\",\"target\":{\"@type\":\"EntryPoint\",\"urlTemplate\":\"https:\/\/ist-polska.pl\/?s={search_term_string}\"},\"query-input\":\"required name=search_term_string\"}],\"inLanguage\":\"fr-FR\"}]}<\/script>\n<!-- \/ Yoast SEO plugin. -->","yoast_head_json":{"title":"Contact - IST Polska","robots":{"index":"index","follow":"follow","max-snippet":"max-snippet:-1","max-image-preview":"max-image-preview:large","max-video-preview":"max-video-preview:-1"},"canonical":"https:\/\/ist-polska.pl\/fr\/contact\/","og_locale":"fr_FR","og_type":"article","og_title":"Contact - IST Polska","og_description":"Contactez-nous s'il vous plaiTAX ID: 1130101875 lundi - vendredi:: 09:00 - 17:00","og_url":"https:\/\/ist-polska.pl\/fr\/contact\/","og_site_name":"IST Polska","article_modified_time":"2024-01-24T11:55:43+00:00","twitter_card":"summary_large_image","twitter_misc":{"Dur\u00e9e de lecture estim\u00e9e":"1 minute"},"schema":{"@context":"https:\/\/schema.org","@graph":[{"@type":"WebPage","@id":"https:\/\/ist-polska.pl\/fr\/contact\/","url":"https:\/\/ist-polska.pl\/fr\/contact\/","name":"Contact - IST Polska","isPartOf":{"@id":"https:\/\/ist-polska.pl\/#website"},"datePublished":"2023-03-30T08:19:18+00:00","dateModified":"2024-01-24T11:55:43+00:00","breadcrumb":{"@id":"https:\/\/ist-polska.pl\/fr\/contact\/#breadcrumb"},"inLanguage":"fr-FR","potentialAction":[{"@type":"ReadAction","target":["https:\/\/ist-polska.pl\/fr\/contact\/"]}]},{"@type":"BreadcrumbList","@id":"https:\/\/ist-polska.pl\/fr\/contact\/#breadcrumb","itemListElement":[{"@type":"ListItem","position":1,"name":"Strona g\u0142\u00f3wna","item":"https:\/\/ist-polska.pl\/fr\/"},{"@type":"ListItem","position":2,"name":"Contact"}]},{"@type":"WebSite","@id":"https:\/\/ist-polska.pl\/#website","url":"https:\/\/ist-polska.pl\/","name":"IST Polska","description":"Wyj\u0105tkowe biuro podr\u00f3\u017cy","potentialAction":[{"@type":"SearchAction","target":{"@type":"EntryPoint","urlTemplate":"https:\/\/ist-polska.pl\/?s={search_term_string}"},"query-input":"required name=search_term_string"}],"inLanguage":"fr-FR"}]}},"_links":{"self":[{"href":"https:\/\/ist-polska.pl\/fr\/wp-json\/wp\/v2\/pages\/961"}],"collection":[{"href":"https:\/\/ist-polska.pl\/fr\/wp-json\/wp\/v2\/pages"}],"about":[{"href":"https:\/\/ist-polska.pl\/fr\/wp-json\/wp\/v2\/types\/page"}],"author":[{"embeddable":true,"href":"https:\/\/ist-polska.pl\/fr\/wp-json\/wp\/v2\/users\/1"}],"replies":[{"embeddable":true,"href":"https:\/\/ist-polska.pl\/fr\/wp-json\/wp\/v2\/comments?post=961"}],"version-history":[{"count":8,"href":"https:\/\/ist-polska.pl\/fr\/wp-json\/wp\/v2\/pages\/961\/revisions"}],"predecessor-version":[{"id":3485,"href":"https:\/\/ist-polska.pl\/fr\/wp-json\/wp\/v2\/pages\/961\/revisions\/3485"}],"wp:attachment":[{"href":"https:\/\/ist-polska.pl\/fr\/wp-json\/wp\/v2\/media?parent=961"}],"curies":[{"name":"wp","href":"https:\/\/api.w.org\/{rel}","templated":true}]}}