{"id":963,"date":"2023-03-30T10:19:07","date_gmt":"2023-03-30T08:19:07","guid":{"rendered":"https:\/\/serwer2225748.home.pl\/ist\/o-nas\/"},"modified":"2023-12-12T18:51:46","modified_gmt":"2023-12-12T17:51:46","slug":"a-propos-de-nous","status":"publish","type":"page","link":"https:\/\/ist-polska.pl\/fr\/a-propos-de-nous\/","title":{"rendered":"\u00c0 propos de nous"},"content":{"rendered":"<p>[et_pb_section fb_built=\u00a0\u00bb1&Prime; _builder_version=\u00a0\u00bb4.22.2&Prime; _module_preset=\u00a0\u00bbdefault\u00a0\u00bb global_colors_info=\u00a0\u00bb{}\u00a0\u00bb][et_pb_row column_structure=\u00a0\u00bb2_5,3_5&Prime; use_custom_gutter=\u00a0\u00bbon\u00a0\u00bb gutter_width=\u00a0\u00bb2&Prime; _builder_version=\u00a0\u00bb4.22.2&Prime; _module_preset=\u00a0\u00bbdefault\u00a0\u00bb global_colors_info=\u00a0\u00bb{}\u00a0\u00bb][et_pb_column type=\u00a0\u00bb2_5&Prime; _builder_version=\u00a0\u00bb4.22.2&Prime; _module_preset=\u00a0\u00bbdefault\u00a0\u00bb global_colors_info=\u00a0\u00bb{}\u00a0\u00bb][et_pb_text _builder_version=\u00a0\u00bb4.23.1&Prime; _module_preset=\u00a0\u00bbdefault\u00a0\u00bb custom_margin=\u00a0\u00bb||||false|false\u00a0\u00bb custom_margin_tablet=\u00a0\u00bb||||false|false\u00a0\u00bb custom_margin_phone=\u00a0\u00bb||||false|false\u00a0\u00bb custom_margin_last_edited=\u00a0\u00bboff|desktop\u00a0\u00bb custom_padding=\u00a0\u00bb100px||||false|false\u00a0\u00bb hover_enabled=\u00a0\u00bb0&Prime; global_colors_info=\u00a0\u00bb{}\u00a0\u00bb sticky_enabled=\u00a0\u00bb0&Prime;]<\/p>\n<h1>\u00ab Mieux vaut voir quelque chose une fois que d&rsquo;en entendre mille fois \u00bb, dit un proverbe chinois.<\/h1>\n<p>&nbsp;<\/p>\n<h3>Bienvenue sur notre site.<\/h3>\n<p>Nous organisons des voyages sur mesure. Nous proposons principalement des h\u00f4tels boutiques et intimistes o\u00f9 la qualit\u00e9 et le style priment et o\u00f9 le client ne se sent pas impersonnel. La plupart des h\u00f4tels avec lesquels nous coop\u00e9rons peuvent se vanter d&rsquo;une cuisine du plus haut niveau. La destination principale que nous proposons est la belle Corse.<\/p>\n<p>[\/et_pb_text][\/et_pb_column][et_pb_column type=\u00a0\u00bb3_5&Prime; _builder_version=\u00a0\u00bb4.22.2&Prime; _module_preset=\u00a0\u00bbdefault\u00a0\u00bb global_colors_info=\u00a0\u00bb{}\u00a0\u00bb][et_pb_image src=\u00a0\u00bbhttps:\/\/ist-polska.pl\/wp-content\/uploads\/onas.jpg\u00a0\u00bb alt=\u00a0\u00bbo nas\u00a0\u00bb title_text=\u00a0\u00bbWakacje na Korsyce \u2013 co warto zobaczy\u0107 i gdzie si\u0119 zatrzyma\u0107\u00a0\u00bb _builder_version=\u00a0\u00bb4.22.2&Prime; _module_preset=\u00a0\u00bbdefault\u00a0\u00bb global_colors_info=\u00a0\u00bb{}\u00a0\u00bb][\/et_pb_image][\/et_pb_column][\/et_pb_row][\/et_pb_section]<\/p>\n","protected":false},"excerpt":{"rendered":"<p>\u00ab Mieux vaut voir quelque chose une fois que d&rsquo;en entendre mille fois \u00bb, dit un proverbe chinois. &nbsp; Bienvenue sur notre site. Nous organisons des voyages sur mesure. Nous proposons principalement des h\u00f4tels boutiques et intimistes o\u00f9 la qualit\u00e9 et le style priment et o\u00f9 le client ne se sent pas impersonnel. La plupart [&hellip;]<\/p>\n","protected":false},"author":1,"featured_media":0,"parent":0,"menu_order":0,"comment_status":"closed","ping_status":"closed","template":"","meta":{"_et_pb_use_builder":"on","_et_pb_old_content":"","_et_gb_content_width":"","footnotes":""},"yoast_head":"<!-- This site is optimized with the Yoast SEO plugin v21.9 - https:\/\/yoast.com\/wordpress\/plugins\/seo\/ -->\n<title>\u00c0 propos de nous - IST Polska<\/title>\n<meta name=\"robots\" content=\"index, follow, max-snippet:-1, max-image-preview:large, max-video-preview:-1\" \/>\n<link rel=\"canonical\" href=\"https:\/\/ist-polska.pl\/o-nas\/\" \/>\n<meta property=\"og:locale\" content=\"fr_FR\" \/>\n<meta property=\"og:type\" content=\"article\" \/>\n<meta property=\"og:title\" content=\"\u00c0 propos de nous - IST Polska\" \/>\n<meta property=\"og:description\" content=\"\u00ab Mieux vaut voir quelque chose une fois que d&#039;en entendre mille fois \u00bb, dit un proverbe chinois. &nbsp; Bienvenue sur notre site. Nous organisons des voyages sur mesure. Nous proposons principalement des h\u00f4tels boutiques et intimistes o\u00f9 la qualit\u00e9 et le style priment et o\u00f9 le client ne se sent pas impersonnel. La plupart [&hellip;]\" \/>\n<meta property=\"og:url\" content=\"https:\/\/ist-polska.pl\/o-nas\/\" \/>\n<meta property=\"og:site_name\" content=\"IST Polska\" \/>\n<meta property=\"article:modified_time\" content=\"2023-12-12T17:51:46+00:00\" \/>\n<meta name=\"twitter:card\" content=\"summary_large_image\" \/>\n<meta name=\"twitter:label1\" content=\"Dur\u00e9e de lecture estim\u00e9e\" \/>\n\t<meta name=\"twitter:data1\" content=\"1 minute\" \/>\n<script type=\"application\/ld+json\" class=\"yoast-schema-graph\">{\"@context\":\"https:\/\/schema.org\",\"@graph\":[{\"@type\":\"WebPage\",\"@id\":\"https:\/\/ist-polska.pl\/o-nas\/\",\"url\":\"https:\/\/ist-polska.pl\/o-nas\/\",\"name\":\"\u00c0 propos de nous - IST Polska\",\"isPartOf\":{\"@id\":\"https:\/\/ist-polska.pl\/#website\"},\"datePublished\":\"2023-03-30T08:19:07+00:00\",\"dateModified\":\"2023-12-12T17:51:46+00:00\",\"breadcrumb\":{\"@id\":\"https:\/\/ist-polska.pl\/o-nas\/#breadcrumb\"},\"inLanguage\":\"fr-FR\",\"potentialAction\":[{\"@type\":\"ReadAction\",\"target\":[\"https:\/\/ist-polska.pl\/o-nas\/\"]}]},{\"@type\":\"BreadcrumbList\",\"@id\":\"https:\/\/ist-polska.pl\/o-nas\/#breadcrumb\",\"itemListElement\":[{\"@type\":\"ListItem\",\"position\":1,\"name\":\"Strona g\u0142\u00f3wna\",\"item\":\"https:\/\/ist-polska.pl\/fr\/\"},{\"@type\":\"ListItem\",\"position\":2,\"name\":\"\u00c0 propos de nous\"}]},{\"@type\":\"WebSite\",\"@id\":\"https:\/\/ist-polska.pl\/#website\",\"url\":\"https:\/\/ist-polska.pl\/\",\"name\":\"IST Polska\",\"description\":\"Wyj\u0105tkowe biuro podr\u00f3\u017cy\",\"potentialAction\":[{\"@type\":\"SearchAction\",\"target\":{\"@type\":\"EntryPoint\",\"urlTemplate\":\"https:\/\/ist-polska.pl\/?s={search_term_string}\"},\"query-input\":\"required name=search_term_string\"}],\"inLanguage\":\"fr-FR\"}]}<\/script>\n<!-- \/ Yoast SEO plugin. -->","yoast_head_json":{"title":"\u00c0 propos de nous - IST Polska","robots":{"index":"index","follow":"follow","max-snippet":"max-snippet:-1","max-image-preview":"max-image-preview:large","max-video-preview":"max-video-preview:-1"},"canonical":"https:\/\/ist-polska.pl\/o-nas\/","og_locale":"fr_FR","og_type":"article","og_title":"\u00c0 propos de nous - IST Polska","og_description":"\u00ab Mieux vaut voir quelque chose une fois que d'en entendre mille fois \u00bb, dit un proverbe chinois. &nbsp; Bienvenue sur notre site. Nous organisons des voyages sur mesure. Nous proposons principalement des h\u00f4tels boutiques et intimistes o\u00f9 la qualit\u00e9 et le style priment et o\u00f9 le client ne se sent pas impersonnel. La plupart [&hellip;]","og_url":"https:\/\/ist-polska.pl\/o-nas\/","og_site_name":"IST Polska","article_modified_time":"2023-12-12T17:51:46+00:00","twitter_card":"summary_large_image","twitter_misc":{"Dur\u00e9e de lecture estim\u00e9e":"1 minute"},"schema":{"@context":"https:\/\/schema.org","@graph":[{"@type":"WebPage","@id":"https:\/\/ist-polska.pl\/o-nas\/","url":"https:\/\/ist-polska.pl\/o-nas\/","name":"\u00c0 propos de nous - IST Polska","isPartOf":{"@id":"https:\/\/ist-polska.pl\/#website"},"datePublished":"2023-03-30T08:19:07+00:00","dateModified":"2023-12-12T17:51:46+00:00","breadcrumb":{"@id":"https:\/\/ist-polska.pl\/o-nas\/#breadcrumb"},"inLanguage":"fr-FR","potentialAction":[{"@type":"ReadAction","target":["https:\/\/ist-polska.pl\/o-nas\/"]}]},{"@type":"BreadcrumbList","@id":"https:\/\/ist-polska.pl\/o-nas\/#breadcrumb","itemListElement":[{"@type":"ListItem","position":1,"name":"Strona g\u0142\u00f3wna","item":"https:\/\/ist-polska.pl\/fr\/"},{"@type":"ListItem","position":2,"name":"\u00c0 propos de nous"}]},{"@type":"WebSite","@id":"https:\/\/ist-polska.pl\/#website","url":"https:\/\/ist-polska.pl\/","name":"IST Polska","description":"Wyj\u0105tkowe biuro podr\u00f3\u017cy","potentialAction":[{"@type":"SearchAction","target":{"@type":"EntryPoint","urlTemplate":"https:\/\/ist-polska.pl\/?s={search_term_string}"},"query-input":"required name=search_term_string"}],"inLanguage":"fr-FR"}]}},"_links":{"self":[{"href":"https:\/\/ist-polska.pl\/fr\/wp-json\/wp\/v2\/pages\/963"}],"collection":[{"href":"https:\/\/ist-polska.pl\/fr\/wp-json\/wp\/v2\/pages"}],"about":[{"href":"https:\/\/ist-polska.pl\/fr\/wp-json\/wp\/v2\/types\/page"}],"author":[{"embeddable":true,"href":"https:\/\/ist-polska.pl\/fr\/wp-json\/wp\/v2\/users\/1"}],"replies":[{"embeddable":true,"href":"https:\/\/ist-polska.pl\/fr\/wp-json\/wp\/v2\/comments?post=963"}],"version-history":[{"count":5,"href":"https:\/\/ist-polska.pl\/fr\/wp-json\/wp\/v2\/pages\/963\/revisions"}],"predecessor-version":[{"id":3225,"href":"https:\/\/ist-polska.pl\/fr\/wp-json\/wp\/v2\/pages\/963\/revisions\/3225"}],"wp:attachment":[{"href":"https:\/\/ist-polska.pl\/fr\/wp-json\/wp\/v2\/media?parent=963"}],"curies":[{"name":"wp","href":"https:\/\/api.w.org\/{rel}","templated":true}]}}